{"id":93,"date":"2020-04-15T11:48:38","date_gmt":"2020-04-15T11:48:38","guid":{"rendered":"https:\/\/mada01.supserv.cozmoslabs.com\/?page_id=93"},"modified":"2020-04-15T11:48:38","modified_gmt":"2020-04-15T11:48:38","slug":"pb","status":"publish","type":"page","link":"https:\/\/mada01.supserv.cozmoslabs.com\/ro\/pb\/","title":{"rendered":"PB"},"content":{"rendered":"<p>Pagin\u0103 de introducere pentru PB. Unele informa\u021bii ar putea fi plasate aici, cum ar fi link-uri de documentare. <\/p><h3>Bine a\u021bi venit la documenta\u021bia constructorului de profiluri<\/h3>\nDocumenta\u021bia Profile Builder (PB) este \u00een continu\u0103 evolu\u021bie pe m\u0103sur\u0103 ce continu\u0103m s\u0103 actualiz\u0103m pluginul. Cea mai recent\u0103 versiune a documenta\u021biei este disponibil\u0103 prin intermediul acestui Wiki.\n\n<a href=\"https:\/\/www.cozmoslabs.com\/wp-content\/uploads\/2017\/07\/Profile-Builder-Docs-Logo-v2.png\"><img loading=\"lazy\" decoding=\"async\" class=\"aligncenter size-full wp-image-94643\" src=\"https:\/\/www.cozmoslabs.com\/wp-content\/uploads\/2017\/07\/Profile-Builder-Docs-Logo-v2.png\" alt=\"Profil Builder Docs Logo v2\" width=\"1625\" height=\"323\" \/><\/a>\n\nDocumenta\u021bia actual\u0103 este pentru <a href=\"https:\/\/www.cozmoslabs.com\/wordpress-profile-builder\/\">Constructor de profiluri<\/a> plugin.\n<ol>\n \t<li style=\"list-style-type: none;\">\n<ol>\n \t<li><a href=\"http:\/\/demo.cozmoslabs.com\/profilebuilder\/#docs\">\u00ceNCERCA\u021aI DEMO-UL<\/a><\/li>\n \t<li><a href=\"http:\/\/www.cozmoslabs.com\/docs\/profile-builder-2\/basic-information-installation\">Informa\u021bii de baz\u0103 \u0219i instalare<\/a><\/li>\n \t<li><a href=\"http:\/\/www.cozmoslabs.com\/docs\/profile-builder-2\/shortcodes\">Shortcodes<\/a><\/li>\n \t<li><a href=\"http:\/\/www.cozmoslabs.com\/docs\/profile-builder-2\/general-settings\">Set\u0103ri<\/a>\n<ol>\n \t<li><a href=\"https:\/\/www.cozmoslabs.com\/docs\/profile-builder-2\/general-settings\/#Email_Confirmation\">Confirmare prin e-mail<\/a><\/li>\n \t<li><a href=\"https:\/\/www.cozmoslabs.com\/docs\/profile-builder-2\/general-settings\/#Admin_Approval\">Aprobarea administra\u021biei<\/a><\/li>\n \t<li><a href=\"https:\/\/www.cozmoslabs.com\/docs\/profile-builder-2\/general-settings\/roles-editor\/\">Roluri Editor<\/a><\/li>\n \t<li><a href=\"https:\/\/www.cozmoslabs.com\/docs\/profile-builder-2\/general-settings\/content-restriction\">Restric\u021bie de con\u021binut<\/a><\/li>\n \t<li><a href=\"https:\/\/www.cozmoslabs.com\/docs\/profile-builder-2\/admin-bar-settings\/\">Admin Bar<\/a><\/li>\n \t<li><a href=\"https:\/\/www.cozmoslabs.com\/docs\/profile-builder-2\/general-settings\/private-website\/\">Site privat<\/a><\/li>\n<\/ol>\n<\/li>\n \t<li><a href=\"http:\/\/www.cozmoslabs.com\/docs\/profile-builder-2\/manage-user-fields\">C\u00e2mpuri de formular<\/a>\n<ol>\n \t<li><a href=\"https:\/\/www.cozmoslabs.com\/docs\/profile-builder-2\/manage-user-fields\/#Default_Fields_Types\">Tipuri de c\u00e2mpuri implicite<\/a><\/li>\n \t<li><a href=\"https:\/\/www.cozmoslabs.com\/docs\/profile-builder-2\/manage-user-fields\/#Extra_Fields_Types\">Tipuri de c\u00e2mpuri suplimentare<\/a>\n<ol>\n \t<li><a href=\"https:\/\/www.cozmoslabs.com\/docs\/profile-builder-2\/manage-user-fields\/heading-field\/\">Titlul<\/a><\/li>\n \t<li><a href=\"https:\/\/www.cozmoslabs.com\/docs\/profile-builder-2\/manage-user-fields\/input-field\/\">Intrare<\/a><\/li>\n \t<li><a href=\"https:\/\/www.cozmoslabs.com\/docs\/profile-builder-2\/manage-user-fields\/number-field\/\">Num\u0103r<\/a><\/li>\n \t<li><a href=\"https:\/\/www.cozmoslabs.com\/docs\/profile-builder-2\/manage-user-fields\/input-hidden-field\/\">Intrare (ascuns\u0103)<\/a><\/li>\n \t<li><a href=\"https:\/\/www.cozmoslabs.com\/docs\/profile-builder-2\/manage-user-fields\/textarea-field\/\">Textarea<\/a><\/li>\n \t<li><a href=\"https:\/\/www.cozmoslabs.com\/docs\/profile-builder-2\/manage-user-fields\/wysiwyg-field\/\">WYSIWYG<\/a><\/li>\n \t<li><a href=\"https:\/\/www.cozmoslabs.com\/docs\/profile-builder-2\/manage-user-fields\/phone-field\/\">Telefon<\/a><\/li>\n \t<li><a href=\"https:\/\/www.cozmoslabs.com\/docs\/profile-builder-2\/manage-user-fields\/select-field\/\">Selecta\u021bi<\/a><\/li>\n \t<li><a href=\"https:\/\/www.cozmoslabs.com\/docs\/profile-builder-2\/manage-user-fields\/select-multiple-field\/\">Selecta\u021bi (Multiple)<\/a><\/li>\n \t<li><a href=\"https:\/\/www.cozmoslabs.com\/docs\/profile-builder-2\/manage-user-fields\/select-country-field\/\">Selecta\u021bi (\u021aara)<\/a><\/li>\n \t<li><a href=\"https:\/\/www.cozmoslabs.com\/docs\/profile-builder-2\/manage-user-fields\/select-timezone-field\/\">Selecta\u021bi (fusul orar)<\/a><\/li>\n \t<li><a href=\"https:\/\/www.cozmoslabs.com\/docs\/profile-builder-2\/manage-user-fields\/select-user-role-field\/\">Selecta\u021bi (Rolul utilizatorului)<\/a><\/li>\n \t<li><a href=\"https:\/\/www.cozmoslabs.com\/docs\/profile-builder-2\/manage-user-fields\/select-currency-field\/\">Selecta\u021bi (Moneda)<\/a><\/li>\n \t<li><a href=\"https:\/\/www.cozmoslabs.com\/docs\/profile-builder-2\/manage-user-fields\/select-cpt\/\">Selecta\u021bi (CPT)<\/a><\/li>\n \t<li><a href=\"https:\/\/www.cozmoslabs.com\/docs\/profile-builder-2\/manage-user-fields\/checkbox-field\/\">Caseta de selectare<\/a><\/li>\n \t<li><a href=\"https:\/\/www.cozmoslabs.com\/docs\/profile-builder-2\/manage-user-fields\/checkbox-terms-conditions-field\/\">Caseta de selectare (Termeni \u0219i condi\u021bii)<\/a><\/li>\n \t<li><a href=\"https:\/\/www.cozmoslabs.com\/docs\/profile-builder-2\/manage-user-fields\/gdpr-checkbox-field\/\">Caseta de selectare (GDPR)<\/a><\/li>\n \t<li><a href=\"https:\/\/www.cozmoslabs.com\/docs\/profile-builder-2\/manage-user-fields\/radio-field\/\">Radio<\/a><\/li>\n \t<li><a href=\"https:\/\/www.cozmoslabs.com\/docs\/profile-builder-2\/manage-user-fields\/upload-field\/\">\u00cenc\u0103rcare<\/a><\/li>\n \t<li><a href=\"https:\/\/www.cozmoslabs.com\/docs\/profile-builder-2\/manage-user-fields\/avatar-upload-field\/\">\u00cenc\u0103rcare avatar<\/a><\/li>\n \t<li><a href=\"https:\/\/www.cozmoslabs.com\/docs\/profile-builder-2\/manage-user-fields\/datepicker-field\/\">Datepicker<\/a><\/li>\n \t<li><a href=\"https:\/\/www.cozmoslabs.com\/docs\/profile-builder-2\/manage-user-fields\/timepicker-field\/\">Timepicker<\/a><\/li>\n \t<li><a href=\"https:\/\/www.cozmoslabs.com\/docs\/profile-builder-2\/manage-user-fields\/colorpicker-field\/\">Colorpicker<\/a><\/li>\n \t<li><a href=\"https:\/\/www.cozmoslabs.com\/docs\/profile-builder-2\/manage-user-fields\/recaptcha-field\/\">reCAPTCHA<\/a><\/li>\n \t<li><a href=\"https:\/\/www.cozmoslabs.com\/docs\/profile-builder-2\/manage-user-fields\/validation-field\/\">Validare<\/a><\/li>\n \t<li><a href=\"https:\/\/www.cozmoslabs.com\/docs\/profile-builder-2\/manage-user-fields\/map-field\/\">Harta<\/a><\/li>\n \t<li><a href=\"https:\/\/www.cozmoslabs.com\/docs\/profile-builder-2\/manage-user-fields\/html-field\/\">HTML<\/a><\/li>\n \t<li><a href=\"https:\/\/www.cozmoslabs.com\/docs\/profile-builder-2\/manage-user-fields\/email-field\/\">E-mail<\/a><\/li>\n \t<li><a href=\"https:\/\/www.cozmoslabs.com\/docs\/profile-builder-2\/manage-user-fields\/url-field\/\">URL<\/a><\/li>\n<\/ol>\n<\/li>\n \t<li><a href=\"https:\/\/www.cozmoslabs.com\/docs\/profile-builder-2\/manage-user-fields\/conditional-logic\/\">Logica condi\u021bional\u0103<\/a><\/li>\n<\/ol>\n<\/li>\n \t<li><a href=\"http:\/\/www.cozmoslabs.com\/docs\/profile-builder-2\/modules\">Module<\/a>\n<ol>\n \t<li><a href=\"http:\/\/www.cozmoslabs.com\/docs\/profile-builder-2\/multiple-registration-forms\">Formulare de \u00eenregistrare multipl\u0103<\/a><\/li>\n \t<li><a href=\"http:\/\/www.cozmoslabs.com\/docs\/profile-builder-2\/multiple-edit-profile-forms\">Formulare cu profil de editare multiple<\/a><\/li>\n \t<li><a href=\"http:\/\/www.cozmoslabs.com\/docs\/profile-builder-2\/user-listing\">Lista de utilizatori<\/a><\/li>\n \t<li><a href=\"http:\/\/www.cozmoslabs.com\/docs\/profile-builder-2\/admin-email-customizer\">Admin Email Customizer<\/a><\/li>\n \t<li><a href=\"http:\/\/www.cozmoslabs.com\/docs\/profile-builder-2\/user-email-customizer\">Personalizator e-mail utilizator<\/a><\/li>\n \t<li><a href=\"http:\/\/www.cozmoslabs.com\/docs\/profile-builder-2\/custom-redirects\">Redirec\u021bion\u0103ri personalizate<\/a><\/li>\n \t<li><a href=\"https:\/\/www.cozmoslabs.com\/docs\/profile-builder-2\/modules\/repeater-fields\/\">C\u00e2mpuri de repetitoare<\/a><\/li>\n<\/ol>\n<\/li>\n \t<li><a href=\"https:\/\/www.cozmoslabs.com\/docs\/profile-builder-2\/add-ons\/\">Suplimente<\/a>\n<ol>\n \t<li><a href=\"https:\/\/www.cozmoslabs.com\/docs\/profile-builder-2\/add-ons\/#Profile_Builder_Advanced_Add-ons\">Suplimente avansate<\/a>\n<ol>\n \t<li><a href=\"https:\/\/www.cozmoslabs.com\/docs\/profile-builder-2\/add-ons\/buddypress\">BuddyPress<\/a><\/li>\n \t<li><a href=\"https:\/\/www.cozmoslabs.com\/docs\/profile-builder-2\/add-ons\/bbpress\/\">bbPress<\/a><\/li>\n \t<li><a href=\"https:\/\/www.cozmoslabs.com\/docs\/profile-builder-2\/add-ons\/multi-step-forms\/\">Formulare \u00een mai multe etape<\/a><\/li>\n \t<li><a href=\"https:\/\/www.cozmoslabs.com\/docs\/profile-builder-2\/add-ons\/mailpoet\/\">MailPoet<\/a><\/li>\n \t<li><a href=\"http:\/\/www.cozmoslabs.com\/docs\/profile-builder-2\/add-ons\/social-connect\/\">Conectare social\u0103<\/a>\n<ol>\n \t<li><a href=\"https:\/\/www.cozmoslabs.com\/docs\/profile-builder-2\/add-ons\/social-connect\/create-facebook-app-social-connect\/\">Cum s\u0103 crea\u021bi o aplica\u021bie Facebook pentru Social Connect<\/a><\/li>\n \t<li><a href=\"https:\/\/www.cozmoslabs.com\/docs\/profile-builder-2\/add-ons\/social-connect\/create-google-app-social-connect\/\">Cum s\u0103 crea\u021bi o aplica\u021bie Google+ pentru Social Connect<\/a><\/li>\n \t<li><a href=\"https:\/\/www.cozmoslabs.com\/docs\/profile-builder-2\/add-ons\/social-connect\/create-twitter-app-social-connect\/\">Cum s\u0103 crea\u021bi o aplica\u021bie Twitter pentru Social Connect<\/a><\/li>\n \t<li><a href=\"https:\/\/www.cozmoslabs.com\/docs\/profile-builder-2\/add-ons\/social-connect\/create-linkedin-app-social-connect\/\">Cum s\u0103 crea\u021bi o aplica\u021bie LinkedIn pentru Social Connect<\/a><\/li>\n<\/ol>\n<\/li>\n \t<li><a href=\"https:\/\/www.cozmoslabs.com\/docs\/profile-builder-2\/add-ons\/custom-profile-menus\/\">Meniuri de profil personalizate<\/a><\/li>\n \t<li><a href=\"https:\/\/www.cozmoslabs.com\/docs\/profile-builder-2\/add-ons\/woocommerce-sync\/\">WooCommerce Sync<\/a><\/li>\n \t<li><a href=\"https:\/\/www.cozmoslabs.com\/docs\/profile-builder-2\/add-ons\/mailchimp\/\">MailChimp<\/a><\/li>\n \t<li><a href=\"https:\/\/www.cozmoslabs.com\/docs\/profile-builder-2\/add-ons\/campaign-monitor\/\">Monitor de campanie<\/a><\/li>\n \t<li><a href=\"https:\/\/www.cozmoslabs.com\/docs\/profile-builder-2\/add-ons\/edit-profile-approved-by-admin\/\">Editeaz\u0103 profilul Aprobat de administrator<\/a><\/li>\n \t<li><a href=\"https:\/\/www.cozmoslabs.com\/docs\/profile-builder-2\/add-ons\/field-visibility\/\">Vizibilitatea c\u00e2mpului<\/a><\/li>\n<\/ol>\n<\/li>\n \t<li><a href=\"https:\/\/www.cozmoslabs.com\/docs\/profile-builder-2\/add-ons\/#Profile_Builder_Free_Add-ons\">Suplimente gratuite<\/a>\n<ol>\n \t<li><a href=\"https:\/\/www.cozmoslabs.com\/add-ons\/custom-login-page-templates\/\">\u0218abloane personalizate pentru pagina de conectare<\/a><\/li>\n \t<li><a href=\"https:\/\/www.cozmoslabs.com\/55726-how-to-wordpress-client-portal-plugin\/\">Portal client<\/a><\/li>\n \t<li><a href=\"https:\/\/www.cozmoslabs.com\/docs\/profile-builder-2\/add-ons\/passwordless-login\/\">Conectare f\u0103r\u0103 parol\u0103<\/a><\/li>\n \t<li><a href=\"https:\/\/www.cozmoslabs.com\/docs\/profile-builder-2\/add-ons\/import-export-pb-settings\/\">Importul \u0219i exportul set\u0103rilor PB<\/a><\/li>\n \t<li><a href=\"https:\/\/www.cozmoslabs.com\/docs\/profile-builder-2\/add-ons\/custom-css-classes-on-fields-for-profile-builder\/\">Clase CSS personalizate pe c\u00e2mpuri<\/a><\/li>\n \t<li><a href=\"https:\/\/www.cozmoslabs.com\/docs\/profile-builder-2\/add-ons\/maximum-character-length\/\">Lungimea maxim\u0103 a caracterelor<\/a><\/li>\n \t<li><a href=\"https:\/\/www.cozmoslabs.com\/docs\/profile-builder-2\/add-ons\/multiple-admin-e-mails\/\">E-mailuri de administrare multiple<\/a><\/li>\n \t<li><a href=\"https:\/\/www.cozmoslabs.com\/docs\/profile-builder-2\/add-ons\/labels-edit\/\">Etichete Editare<\/a><\/li>\n \t<li><a href=\"https:\/\/www.cozmoslabs.com\/docs\/profile-builder-2\/add-ons\/placeholder-labels\/\">Etichete Placeholder<\/a><\/li>\n \t<li><a href=\"https:\/\/www.cozmoslabs.com\/docs\/profile-builder-2\/add-ons\/email-confirmation-field\/\">C\u00e2mp de confirmare prin e-mail<\/a><\/li>\n \t<li><a href=\"https:\/\/www.cozmoslabs.com\/docs\/profile-builder-2\/add-ons\/select2\/\">Selecta\u021bi2<\/a><\/li>\n \t<li><a href=\"https:\/\/www.cozmoslabs.com\/docs\/customization-toolbox\/\">Caseta de instrumente de personalizare<\/a><\/li>\n<\/ol>\n<\/li>\n<\/ol>\n<\/li>\n \t<li><a href=\"http:\/\/www.cozmoslabs.com\/docs\/profile-builder-documentation\/import-export-users\">Import \/ Export utilizatori<\/a><\/li>\n \t<li><a href=\"https:\/\/www.cozmoslabs.com\/docs\/profile-builder-2\/profile-builder-changelogs\/\">Schimb\u0103ri ale constructorului de profil<\/a><\/li>\n \t<li><a href=\"http:\/\/www.cozmoslabs.com\/docs\/profile-builder-2\/upgrading-from-1-3-x-to-2-0\">Actualizarea de la Profile Builder 1.3.x la 2.0<\/a><\/li>\n \t<li><a href=\"https:\/\/www.cozmoslabs.com\/docs\/profile-builder-2\/translate-profile-builder\/\">Cum s\u0103 traduce\u021bi Profile Builder<\/a><\/li>\n \t<li><a href=\"https:\/\/www.cozmoslabs.com\/docs\/profile-builder-2\/how-to-make-profile-builder-forms-gdpr-compliant\/\">Cum s\u0103 face\u021bi formularele Profile Builder conforme cu GDPR<\/a><\/li>\n \t<li><a href=\"https:\/\/www.cozmoslabs.com\/docs\/profile-builder-2\/frequently-asked-questions\/\">\u00centreb\u0103ri frecvente<\/a><\/li>\n<\/ol>\n<\/li>\n<\/ol>\n<ol>\n \t<li><strong><a href=\"http:\/\/www.cozmoslabs.com\/docs\/profile-builder-documentation\/developers-knowledge-base\/\">Baza de cuno\u0219tin\u021be pentru dezvoltatori<\/a><\/strong>\n<ol class=\"sub-menu\">\n \t<li class=\"has-children menu-item menu-item-type-post_type menu-item-object-docs menu-item-38214\"><a href=\"http:\/\/www.cozmoslabs.com\/docs\/profile-builder-2\/developers-knowledge-base\/useful-profile-builder-hooks\/\">C\u00e2rlige utile<\/a><\/li>\n \t<li id=\"menu-item-38214\" class=\"has-children menu-item menu-item-type-post_type menu-item-object-docs menu-item-38214\"><a href=\"http:\/\/www.cozmoslabs.com\/docs\/profile-builder-documentation\/developers-knowledge-base\/login-logout-register\/\">Conectare \/ Deconectare \/ \u00cenregistrare<\/a><\/li>\n \t<li id=\"menu-item-38216\" class=\"has-children menu-item menu-item-type-post_type menu-item-object-docs menu-item-38216\"><a href=\"http:\/\/www.cozmoslabs.com\/docs\/profile-builder-documentation\/developers-knowledge-base\/messages-alerts\/\">Mesaje \/ Alerte<\/a><\/li>\n \t<li id=\"menu-item-38217\" class=\"has-children menu-item menu-item-type-post_type menu-item-object-docs menu-item-38217\"><a href=\"http:\/\/www.cozmoslabs.com\/docs\/profile-builder-documentation\/developers-knowledge-base\/email\/\">E-mail<\/a><\/li>\n \t<li class=\"has-children menu-item menu-item-type-post_type menu-item-object-docs menu-item-38217\"><a href=\"https:\/\/www.cozmoslabs.com\/docs\/profile-builder-2\/developers-knowledge-base\/admin-approval\/\">Aprobarea administra\u021biei<\/a><\/li>\n \t<li id=\"menu-item-38218\" class=\"has-children menu-item menu-item-type-post_type menu-item-object-docs menu-item-38218\"><a href=\"http:\/\/www.cozmoslabs.com\/docs\/profile-builder-documentation\/developers-knowledge-base\/custom-fields\/\">C\u00e2mpuri personalizate<\/a><\/li>\n \t<li id=\"menu-item-38219\" class=\"has-children menu-item menu-item-type-post_type menu-item-object-docs menu-item-38219\"><a href=\"http:\/\/www.cozmoslabs.com\/docs\/profile-builder-documentation\/developers-knowledge-base\/userlisting\/\">Lista de utilizatori<\/a><\/li>\n \t<li id=\"menu-item-38222\" class=\"has-children menu-item menu-item-type-post_type menu-item-object-docs menu-item-38222\"><a href=\"http:\/\/www.cozmoslabs.com\/docs\/profile-builder-documentation\/developers-knowledge-base\/support-themes-plugins\/\">Suport teme \/ pluginuri<\/a><\/li>\n \t<li id=\"menu-item-38223\" class=\"has-children menu-item menu-item-type-post_type menu-item-object-docs menu-item-38223\"><a href=\"http:\/\/www.cozmoslabs.com\/docs\/profile-builder-documentation\/developers-knowledge-base\/redirect\/\">Redirec\u021bionare<\/a><\/li>\n \t<li id=\"menu-item-38232\" class=\"menu-item menu-item-type-post_type menu-item-object-docs menu-item-38232\"><a href=\"https:\/\/www.cozmoslabs.com\/docs\/profile-builder-2\/developers-knowledge-base\/shortcodes\/\">Shortcodes<\/a><\/li>\n \t<li id=\"menu-item-38224\" class=\"menu-item menu-item-type-post_type menu-item-object-docs menu-item-38224\"><a href=\"http:\/\/www.cozmoslabs.com\/docs\/profile-builder-documentation\/developers-knowledge-base\/settings\/\">Set\u0103ri<\/a><\/li>\n<\/ol>\n<\/li>\n<\/ol>","protected":false},"excerpt":{"rendered":"<p>Intro page for PB. Some info could be placed here like documentation links. Welcome to the Profile Builder Documentation Profile Builder (PB) documentation is constantly evolving as we continue to update the plugin. The latest version of the documentation is available via this Wiki. The current documentation is for our Profile Builder plugin. TRY THE [&hellip;]<\/p>","protected":false},"author":1,"featured_media":0,"parent":0,"menu_order":0,"comment_status":"closed","ping_status":"closed","template":"","meta":{"footnotes":""},"class_list":["post-93","page","type-page","status-publish","hentry"],"_links":{"self":[{"href":"https:\/\/mada01.supserv.cozmoslabs.com\/ro\/wp-json\/wp\/v2\/pages\/93","targetHints":{"allow":["GET"]}}],"collection":[{"href":"https:\/\/mada01.supserv.cozmoslabs.com\/ro\/wp-json\/wp\/v2\/pages"}],"about":[{"href":"https:\/\/mada01.supserv.cozmoslabs.com\/ro\/wp-json\/wp\/v2\/types\/page"}],"author":[{"embeddable":true,"href":"https:\/\/mada01.supserv.cozmoslabs.com\/ro\/wp-json\/wp\/v2\/users\/1"}],"replies":[{"embeddable":true,"href":"https:\/\/mada01.supserv.cozmoslabs.com\/ro\/wp-json\/wp\/v2\/comments?post=93"}],"version-history":[{"count":1,"href":"https:\/\/mada01.supserv.cozmoslabs.com\/ro\/wp-json\/wp\/v2\/pages\/93\/revisions"}],"predecessor-version":[{"id":95,"href":"https:\/\/mada01.supserv.cozmoslabs.com\/ro\/wp-json\/wp\/v2\/pages\/93\/revisions\/95"}],"wp:attachment":[{"href":"https:\/\/mada01.supserv.cozmoslabs.com\/ro\/wp-json\/wp\/v2\/media?parent=93"}],"curies":[{"name":"wp","href":"https:\/\/api.w.org\/{rel}","templated":true}]}}