{"id":234,"date":"2022-08-29T12:56:57","date_gmt":"2022-08-29T12:56:57","guid":{"rendered":"https:\/\/mada01.supserv.cozmoslabs.com\/tp-testing-page-plugin\/"},"modified":"2024-02-16T19:43:42","modified_gmt":"2024-02-16T19:43:42","slug":"tp-testing-page-plugin","status":"publish","type":"page","link":"https:\/\/mada01.supserv.cozmoslabs.com\/ro\/tp-testing-page-plugin\/","title":{"rendered":"TP Plugin pentru pagina de testare"},"content":{"rendered":"<p>Aceast\u0103 pagin\u0103 este pentru testare. (Plugin <strong>TranslatePress - Testare<\/strong> ar trebui s\u0103 fie activ\u0103)<\/p>\n<h3>\u0218iruri normale<\/h3>\n<p>Iat\u0103 c\u00e2teva personaje care pot fi problematice atunci c\u00e2nd se afl\u0103 la sf\u00e2r\u0219itul \u00eenceputului...<\/p>\n<p>Pentru o m\u0103sur\u0103 bun\u0103, pune\u021bi ceva \u00een mijloc...<\/p>\n<p>\"Aici sunt citate\"<\/p>\n<p>'Ghilimele simple'<\/p>\n<p>`Tickere \u00eenapoi`<\/p>\n<p>C\u00e2teva spa\u021bii albe la mijloc, dup\u0103 cuv\u00e2ntul whitespace.<\/p>\n<p>O mul\u021bime de spa\u021bii albe peste tot, at\u00e2t \u00een mijloc c\u00e2t \u0219i pe margini<\/p>\n<p>Chestii aleatorii \u00bf\u2534\u2562 \u00ef\u2592\u00bf\u00a1\/ \/\/ \/\/\/ \/\/\/ \\<\/p>\n<p>&nbsp;Aceasta are nbsp; la margini \u0219i ( ) \u00eentre paranteze.&nbsp;<\/p>\n<h3>\u0218iruri de caractere \u00een atribute<\/h3>\n<p><img alt='acesta este textul alt al imaginii mac' src='https:\/\/upload.wikimedia.org\/wikipedia\/en\/7\/7b\/Image_in_Glossographia.png'><\/p>\n<p><a href='https:\/\/upload.wikimedia.org\/wikipedia\/commons\/4\/4a\/Wikipedia-Ascii.png' title='link c\u0103tre o imagine mai mare \u00een ancor\u0103'><br \/>\n\t<img width='110px' alt='acesta este un alt text al imaginii mac \u00een interiorul unei ancore' src='https:\/\/upload.wikimedia.org\/wikipedia\/commons\/thumb\/d\/de\/Wikipedia_Logo_1.0.png\/1024px-Wikipedia_Logo_1.0.png'><br \/>\n<\/a><\/p>\n<p><a href='http:\/\/translatepress.local\/wp-content\/uploads\/woocommerce-placeholder.png'>acesta este un link c\u0103tre o imagine wp-content. href nu ar trebui s\u0103 aib\u0103 un slug de limb\u0103.<\/a><\/p>\n<p><button>Acesta este un buton.<\/button><\/p>\n<p>\t Prima op\u021biune<br \/>\n\t Op\u021biunea doi<br \/>\n\t Op\u021biunea trei <\/p>\n<p><textarea><\/textarea><\/p>\n<p><textarea> This should NOT be translated <\/textarea><\/p>\n<p><a href='http:\/\/www.google.com' title='titlu de ancor\u0103 cu href traductibil'>Text de ancor\u0103 cu href traductibil<\/a><\/p>\n<p><a id='changehref' href='https:\/\/mada01.supserv.cozmoslabs.com\/wp-content\/plugins\/translatepress-multilingual\/assets\/images\/flags\/en_US.png' title='titlul ancorei 2 cu href traductibil'>Textul de ancor\u0103 2 cu href traductibil<\/a><\/p>\n<p><a href='https:\/\/mada01.supserv.cozmoslabs.com\/ro\/cs\/' title='titlu de ancor\u0103 f\u0103r\u0103 href traductibil'>Textul de ancorare f\u0103r\u0103 href traductibil<\/a><\/p>\n<p> paragraf de control<\/p>\n<h3>Blocuri de traducere<\/h3>\n<p>Acesta este un simplu <strong>puternic.<\/strong><\/p>\n<p>Aici avem un element extern <a href=\"http:\/\/www.google.com\">link<\/a>. Nu ar trebui s\u0103 con\u021bin\u0103 niciodat\u0103 codificarea limbii, chiar \u0219i atunci c\u00e2nd for\u021ba\u021bi limba \u00een linkuri este setat\u0103 la Da.<\/p>\n<p>Aici avem <a href=\"https:\/\/mada01.supserv.cozmoslabs.com\/ro\/cs\/\">leg\u0103tur\u0103 intern\u0103<\/a>\u00a0Acest lucru ar trebui s\u0103 func\u021bioneze \u00een limba original\u0103 \u0219i apoi \u00een limba secundar\u0103, atunci c\u00e2nd for\u021ba\u021bi limba \u00een linkuri este setat\u0103 la Da.<a href=\"http:\/\/testserver29.com\/cola\/contact-form\/\"><br \/>\n<\/a><\/p>\n<p>O imagine <a href=\"https:\/\/upload.wikimedia.org\/wikipedia\/en\/7\/7b\/Image_in_Glossographia.png\"><img loading=\"lazy\" decoding=\"async\" class=\"alignnone size-thumbnail wp-image-179\" src=\"https:\/\/upload.wikimedia.org\/wikipedia\/en\/7\/7b\/Image_in_Glossographia.png\" alt=\"\" width=\"150\" height=\"150\" \/><\/a>\u0219i textul dup\u0103<\/p>\n<p>Unele caractere mai pu\u021bin dec\u00e2t care sunt &lt; nu <strong>Etichete\u00a0<\/strong><\/p>\n<p>Acest citat \u00een cadrul atributului title <span title='Vezi detaliile analizei de securitate'>titlu<\/span><\/p>\n<p>Unele <strong>spa\u021biu alb<\/strong><\/p>\n<p><strong>Breaking<\/strong> spa\u021biu<br \/>\ncu bar\u0103 oblic\u0103 de \u00eenchidere<\/p>\n<p><strong>Breaking<\/strong> spa\u021biu<br \/>\nf\u0103r\u0103 bar\u0103 oblic\u0103 de \u00eenchidere<\/p>\n<div class=\"ajax-tb\"><\/div>\n<p>O nou\u0103 linie cu <\/p>\n<p>al doilea <strong>linia<\/strong><\/p>\n<p class=\"dynamic\">Acest <strong>nu ar trebui<\/strong>\u00a0afi\u0219eaz\u0103 pictograma de fuziune deoarece con\u021bine \u0219iruri dinamice.<\/p>\n<p>Acest <strong>nu ar trebui<\/strong>\u00a0afi\u0219eaz\u0103 pictograma de fuziune deoarece con\u021bine gettext **gettext**<\/p>\n<p>Verifica\u021bi Fuziunea cu traducere-&gt;Splitting-&gt;Fuziune (anterior <strong>traducere<\/strong> ar trebui s\u0103 fie \u00eenc\u0103 aici).<\/p>\n<p>&nbsp;Acesta are nbsp; la margini \u0219i ( ) \u00eentre paranteze \u0219i este un&nbsp;<strong>traducere&nbsp;<\/strong>bloc.&nbsp;<\/p>\n<h3>\u0218iruri dinamice<\/h3>\n<div class=\"more-dynamic\"><\/div>\n<h3>\u0218iruri \u00eenc\u0103rcate Ajax<\/h3>\n<div class=\"ajax\"><\/div>\n<h3>\u0218iruri de caractere Gettext<\/h3>\n<p>**Mai mult-gettext**<\/p>\n<h3>Comutatoare de limb\u0103<\/h3>\n<ol>\n<li>Comutator de limb\u0103 pentru coduri scurte:<br \/>\n<div class=\"trp_language_switcher_shortcode\">\n<div class=\"trp-language-switcher trp-language-switcher-container\" data-no-translation>\n    <div class=\"trp-ls-shortcode-current-language\">\n        <a href=\"#\" class=\"trp-ls-shortcode-disabled-language trp-ls-disabled-language\" title=\"Romanian\" onclick=\"event.preventDefault()\">\n\t\t\t<img loading=\"lazy\" decoding=\"async\" class=\"trp-flag-image\" src=\"https:\/\/mada01.supserv.cozmoslabs.com\/wp-content\/plugins\/translatepress-multilingual\/assets\/images\/flags\/ro_RO.png\" width=\"18\" height=\"12\" alt=\"ro_RO\" title=\"Romanian\"> Romanian\t\t<\/a>\n    <\/div>\n    <div class=\"trp-ls-shortcode-language\">\n                <a href=\"#\" class=\"trp-ls-shortcode-disabled-language trp-ls-disabled-language\"  title=\"Romanian\" onclick=\"event.preventDefault()\">\n\t\t\t<img loading=\"lazy\" decoding=\"async\" class=\"trp-flag-image\" src=\"https:\/\/mada01.supserv.cozmoslabs.com\/wp-content\/plugins\/translatepress-multilingual\/assets\/images\/flags\/ro_RO.png\" width=\"18\" height=\"12\" alt=\"ro_RO\" title=\"Romanian\"> Romanian\t\t<\/a>\n                    <a href=\"https:\/\/mada01.supserv.cozmoslabs.com\/ro\/wp-json\/wp\/v2\/pages\/234\" title=\"English\">\n            <img loading=\"lazy\" decoding=\"async\" class=\"trp-flag-image\" src=\"https:\/\/mada01.supserv.cozmoslabs.com\/wp-content\/plugins\/translatepress-multilingual\/assets\/images\/flags\/en_US.png\" width=\"18\" height=\"12\" alt=\"en_US\" title=\"English\"> English        <\/a>\n\n        <\/div>\n    <script type=\"application\/javascript\">\n        \/\/ need to have the same with set from JS on both divs. Otherwise it can push stuff around in HTML\n        var trp_ls_shortcodes = document.querySelectorAll('.trp_language_switcher_shortcode .trp-language-switcher');\n        if ( trp_ls_shortcodes.length > 0) {\n            \/\/ get the last language switcher added\n            var trp_el = trp_ls_shortcodes[trp_ls_shortcodes.length - 1];\n\n            var trp_shortcode_language_item = trp_el.querySelector( '.trp-ls-shortcode-language' )\n            \/\/ set width\n            var trp_ls_shortcode_width                                               = trp_shortcode_language_item.offsetWidth + 16;\n            trp_shortcode_language_item.style.width                                  = trp_ls_shortcode_width + 'px';\n            trp_el.querySelector( '.trp-ls-shortcode-current-language' ).style.width = trp_ls_shortcode_width + 'px';\n\n            \/\/ We're putting this on display: none after we have its width.\n            trp_shortcode_language_item.style.display = 'none';\n        }\n    <\/script>\n<\/div>\n<\/div><\/li>\n<li>Verifica\u021bi comutatorul de limb\u0103 \u00een Editor<\/li>\n<li>Verifica\u021bi comutatorul de limb\u0103 \u00een afara Editorului pe pagina de start<\/li>\n<\/ol>\n<h3>Melc<\/h3>\n<ol>\n<li>Modificarea slug-ului pentru limba secundar\u0103 \u00een Editor<\/li>\n<li>Verifica\u021bi comutarea limbii \u00een modul non-editor pe pagina cu slug tradus<\/li>\n<\/ol>\n<h3> Leg\u0103turi <\/h3>\n<p>**leg\u0103turi**<\/p>\n<h3>WooCommerce<\/h3>","protected":false},"excerpt":{"rendered":"<p>This page is for testing.\u00a0(Plugin TranslatePress &#8211; Testing should be active) Normal strings \u00bfHere we have some characters that can be problematic when they are in the end of beginning\u00a1 \u00a1For good measure \u00a1\u00bf put some in the middle\u00bf &#8220;Here there are quotes&#8221; &#8216;Single quotes&#8217; `Back ticks` Some whitespace\u00a0 in the middle after the word [&hellip;]<\/p>","protected":false},"author":1,"featured_media":0,"parent":0,"menu_order":0,"comment_status":"closed","ping_status":"closed","template":"","meta":{"footnotes":""},"class_list":["post-234","page","type-page","status-publish","hentry"],"_links":{"self":[{"href":"https:\/\/mada01.supserv.cozmoslabs.com\/ro\/wp-json\/wp\/v2\/pages\/234","targetHints":{"allow":["GET"]}}],"collection":[{"href":"https:\/\/mada01.supserv.cozmoslabs.com\/ro\/wp-json\/wp\/v2\/pages"}],"about":[{"href":"https:\/\/mada01.supserv.cozmoslabs.com\/ro\/wp-json\/wp\/v2\/types\/page"}],"author":[{"embeddable":true,"href":"https:\/\/mada01.supserv.cozmoslabs.com\/ro\/wp-json\/wp\/v2\/users\/1"}],"replies":[{"embeddable":true,"href":"https:\/\/mada01.supserv.cozmoslabs.com\/ro\/wp-json\/wp\/v2\/comments?post=234"}],"version-history":[{"count":21,"href":"https:\/\/mada01.supserv.cozmoslabs.com\/ro\/wp-json\/wp\/v2\/pages\/234\/revisions"}],"predecessor-version":[{"id":290,"href":"https:\/\/mada01.supserv.cozmoslabs.com\/ro\/wp-json\/wp\/v2\/pages\/234\/revisions\/290"}],"wp:attachment":[{"href":"https:\/\/mada01.supserv.cozmoslabs.com\/ro\/wp-json\/wp\/v2\/media?parent=234"}],"curies":[{"name":"wp","href":"https:\/\/api.w.org\/{rel}","templated":true}]}}