{"id":154,"date":"2020-04-15T13:03:31","date_gmt":"2020-04-15T13:03:31","guid":{"rendered":"https:\/\/mada01.supserv.cozmoslabs.com\/?page_id=154"},"modified":"2020-04-15T13:03:31","modified_gmt":"2020-04-15T13:03:31","slug":"wck","status":"publish","type":"page","link":"https:\/\/mada01.supserv.cozmoslabs.com\/ro\/wck\/","title":{"rendered":"WCK"},"content":{"rendered":"<h3>Bine a\u021bi venit la documenta\u021bia WordPress Creation Kit<\/h3> Documenta\u021bia WordPress Creation Kit (WCK) este \u00een continu\u0103 evolu\u021bie pe m\u0103sur\u0103 ce continu\u0103m s\u0103 actualiz\u0103m pluginul. Cea mai recent\u0103 versiune a documenta\u021biei este disponibil\u0103 prin intermediul acestui Wiki.\n\n<a href=\"https:\/\/www.cozmoslabs.com\/wp-content\/uploads\/2017\/07\/WordPress-Creation-Kit-Docs-Logo-v2.png\"><img loading=\"lazy\" decoding=\"async\" src=\"https:\/\/www.cozmoslabs.com\/wp-content\/uploads\/2017\/07\/WordPress-Creation-Kit-Docs-Logo-v2.png\" alt=\"Kit de creare WordPress Docs Logo v2\" width=\"1625\" height=\"323\" class=\"aligncenter size-full wp-image-94646\" \/><\/a>\n\nDocumenta\u021bia actual\u0103 este pentru <a href=\"https:\/\/www.cozmoslabs.com\/wck-custom-fields-custom-post-types-plugin\/\">Kit de creare WordPress<\/a> plugin.\n\n<style>\n    h7 {\n        font-family: Roboto, Arial, sans-serif;\n        font-size: 1.3rem;\n        line-height: 1.3;\n        margin-top: 2.95em;\n        margin-bottom: 1.5em;\n        font-weight: bold;\n    }\n<\/style>\n\n<h7>No\u021biuni introductive cu WCK - Ce este acest plugin \u0219i cum \u00eel pot utiliza?<\/h7>\n\nDocumenta\u021bia actual\u0103 este pentru <a href=\"https:\/\/www.cozmoslabs.com\/wck-custom-fields-custom-post-types-plugin\/\">Plugin WordPress Creation Kit<\/a>.\n\n<ol>\n    <li><a href=\"http:\/\/demo.cozmoslabs.com\/wordpresscreationkit\/#docs\">\u00ceNCERCA\u021aI DEMO-UL<\/a><\/li>\n    <li><a href=\"http:\/\/www.cozmoslabs.com\/docs\/wordpress-creation-kit-documentation\/overview-of-wck\/\">Prezentare general\u0103 WordPress Creation Kit<\/a>\n        <ol>\n            <li><a href=\"https:\/\/www.cozmoslabs.com\/docs\/wordpress-creation-kit-documentation\/overview-of-wck\/#What_is_WCK\">Ce este WCK?<\/a><\/li>\n            <li><a href=\"https:\/\/www.cozmoslabs.com\/docs\/wordpress-creation-kit-documentation\/overview-of-wck\/#Why_use_WCK_when_developing_WordPress_sites\">De ce s\u0103 folosi\u021bi WCK atunci c\u00e2nd dezvolta\u021bi site-uri WordPress?<\/a><\/li>\n        <\/ol>\n    <\/li>\n    <li><a href=\"https:\/\/www.cozmoslabs.com\/docs\/wordpress-creation-kit-documentation\/basic-information-installation\/\">Informa\u021bii de baz\u0103 \u0219i instalare<\/a><\/li>\n    <li><a href=\"https:\/\/www.cozmoslabs.com\/docs\/wordpress-creation-kit-documentation\/basic-information-installation\/#Start_and_Settings\">Start \u0219i Set\u0103ri<\/a><\/li>\n    <li><a href=\"https:\/\/www.cozmoslabs.com\/docs\/wordpress-creation-kit-documentation\/custom-post-type-creator\/\">Creator de tip post personalizat<\/a>\n        <ol>\n            <li><a href=\"https:\/\/www.cozmoslabs.com\/docs\/wordpress-creation-kit-documentation\/custom-post-type-creator\/#Overview_of_Custom_Post_Type_Creator\">Prezentare general\u0103 a Creatorului de tipuri de post personalizate<\/a><\/li>\n            <li><a href=\"https:\/\/www.cozmoslabs.com\/docs\/wordpress-creation-kit-documentation\/custom-post-type-creator\/#Features_of_Custom_Post_Type_Creator\">Caracteristici ale Custom Post Type Creator <\/a><\/li>\n            <li><a href=\"https:\/\/www.cozmoslabs.com\/docs\/wordpress-creation-kit-documentation\/custom-post-type-creator\/#Querying_by_post_type_in_the_frontend\">C\u0103utarea dup\u0103 tipul de mesaj \u00een Frontend<\/a><\/li>\n            <li><a href=\"https:\/\/www.cozmoslabs.com\/docs\/wordpress-creation-kit-documentation\/custom-post-type-creator\/display-custom-post-types-wordpress-category\/\">Afi\u0219area tipurilor de post personalizate \u00een categoria WordPress<\/a><\/li>\n            <li><a href=\"http:\/\/www.cozmoslabs.com\/docs\/wordpress-creation-kit-documentation\/custom-archive-page-for-custom-post-types-with-custom-fields\/\">Crea\u021bi o pagin\u0103 de arhiv\u0103 personalizat\u0103 pentru CPT-urile dvs. cu c\u00e2mpuri personalizate<\/a><\/li>\n            <li><a href=\"http:\/\/www.cozmoslabs.com\/docs\/wordpress-creation-kit-documentation\/custom-single-page-for-custom-post-types-with-custom-fields\/\">Crea\u021bi o pagin\u0103 unic\u0103 personalizat\u0103 pentru CPT-urile dvs. cu c\u00e2mpuri personalizate<\/a><\/li>\n            <li><a href=\"http:\/\/www.cozmoslabs.com\/docs\/wordpress-creation-kit-documentation\/list-custom-post-types-in-other-templates-using-get_posts-and-wp_query-with-custom-fields\">Lista\u021bi CPT \u00een alte \u0219abloane utiliz\u00e2nd get_posts \u0219i WP_Query cu c\u00e2mpuri personalizate<\/a><\/li>\n        <\/ol>\n    <\/li>\n    <li><a href=\"https:\/\/www.cozmoslabs.com\/docs\/wordpress-creation-kit-documentation\/custom-taxonomy-creator\/\">Creator de taxonomie personalizat\u0103<\/a>\n        <ol>\n            <li><a href=\"https:\/\/www.cozmoslabs.com\/docs\/wordpress-creation-kit-documentation\/custom-taxonomy-creator\/#Overview_of_Custom_Taxonomy_Creator\">Prezentare general\u0103 a Creatorului de taxonomii personalizate<\/a><\/li>\n            <li><a href=\"https:\/\/www.cozmoslabs.com\/docs\/wordpress-creation-kit-documentation\/custom-taxonomy-creator\/#Features_of_Custom_Taxonomy_Creator\">Caracteristici ale Custom Taxonomy Creator <\/a><\/li>\n            <li><a href=\"https:\/\/www.cozmoslabs.com\/docs\/wordpress-creation-kit-documentation\/custom-taxonomy-creator\/#Listing_the_taxonomies_in_the_frontend\">Listarea taxonomiilor \u00een frontend <\/a><\/li>\n            <li><a href=\"https:\/\/www.cozmoslabs.com\/docs\/wordpress-creation-kit-documentation\/custom-taxonomy-creator\/#Querying_by_taxonomy\">Interogare dup\u0103 taxonomie<\/a><\/li>\n            <li><a href=\"http:\/\/www.cozmoslabs.com\/docs\/wordpress-creation-kit-documentation\/custom-archive-page-for-custom-taxonomies\">Crea\u021bi o pagin\u0103 de arhiv\u0103 personalizat\u0103 pentru taxonomiile dvs. personalizate<\/a> <\/li>\n            <li><a href=\"http:\/\/www.cozmoslabs.com\/docs\/wordpress-creation-kit-documentation\/list-custom-taxonomies-in-your-widget\">Lista\u021bi taxonomiile personalizate \u00een widget-urile dvs. <\/a><\/li>\n        <\/ol>\n    <\/li>\n    <li><a href=\"https:\/\/www.cozmoslabs.com\/docs\/wordpress-creation-kit-documentation\/custom-fields-creator\/\">Creator de c\u00e2mpuri personalizate<\/a>\n        <ol>\n            <li><a href=\"https:\/\/www.cozmoslabs.com\/docs\/wordpress-creation-kit-documentation\/custom-fields-creator\/#Overview_of_Custom_Fields_Creator\">Prezentare general\u0103 a creatorului de c\u00e2mpuri personalizate<\/a><\/li>\n            <li><a href=\"https:\/\/www.cozmoslabs.com\/docs\/wordpress-creation-kit-documentation\/custom-fields-creator\/#Custom_Fields_Creator_8211_Meta_Box_Arguments\">Creator de c\u00e2mpuri personalizate - Argumente Meta Box<\/a>\n                <ol>\n                    <li><a href=\"https:\/\/www.cozmoslabs.com\/docs\/wordpress-creation-kit-documentation\/custom-fields-creator\/single-custom-meta-boxes\/\">Casete Meta personalizate unice<\/a><\/li>\n            \n                    <li><a href=\"https:\/\/www.cozmoslabs.com\/docs\/wordpress-creation-kit-documentation\/custom-fields-creator\/repeater-custom-meta-boxes\/\">Casete Meta personalizate Repeater<\/a><\/li>\n                <\/ol>\n            <\/li>\n            <li><a href=\"https:\/\/www.cozmoslabs.com\/docs\/wordpress-creation-kit-documentation\/custom-fields-creator\/#Custom_Fields_Creator_8211_Meta_Box_Fields\">Creator de c\u00e2mpuri personalizate - Meta Box Fields<\/a><\/li>\n            <li><a href=\"https:\/\/www.cozmoslabs.com\/docs\/wordpress-creation-kit-documentation\/custom-fields-creator\/#Custom_Fields_Creator_8211_Fields_Types\">Creator de c\u00e2mpuri personalizate - Tipuri de c\u00e2mpuri<\/a>\n                <ol>\n                    <li><a href=\"https:\/\/www.cozmoslabs.com\/docs\/wordpress-creation-kit-documentation\/custom-fields-creator\/#Default_Fields_Types\">Tipuri de c\u00e2mpuri implicite<\/a>\n                        <ol>\n                            <li><a href=\"https:\/\/www.cozmoslabs.com\/docs\/wordpress-creation-kit-documentation\/custom-fields-creator\/text-field\/\">Text<\/a><\/li>\n                            <li><a href=\"https:\/\/www.cozmoslabs.com\/docs\/wordpress-creation-kit-documentation\/custom-fields-creator\/textarea-field\/\">Textarea<\/a><\/li>\n                            <li><a href=\"https:\/\/www.cozmoslabs.com\/docs\/wordpress-creation-kit-documentation\/custom-fields-creator\/select-field\/\">Selecta\u021bi<\/a><\/li>\n                            <li><a href=\"https:\/\/www.cozmoslabs.com\/docs\/wordpress-creation-kit-documentation\/custom-fields-creator\/checkbox-field\/\">Caseta de selectare<\/a><\/li>\n                            <li><a href=\"https:\/\/www.cozmoslabs.com\/docs\/wordpress-creation-kit-documentation\/custom-fields-creator\/radio-field\/\">Radio<\/a><\/li>\n                            <li><a href=\"https:\/\/www.cozmoslabs.com\/docs\/wordpress-creation-kit-documentation\/custom-fields-creator\/upload-field\/\">\u00cenc\u0103rcare<\/a><\/li>\n                            <li><a href=\"https:\/\/www.cozmoslabs.com\/docs\/wordpress-creation-kit-documentation\/custom-fields-creator\/wysiwyg-editor-field\/\">Editor WYSIWYG<\/a><\/li>\n                            <li><a href=\"https:\/\/www.cozmoslabs.com\/docs\/wordpress-creation-kit-documentation\/custom-fields-creator\/heading-field\/\">Titlul<\/a><\/li>\n                            <li><a href=\"https:\/\/www.cozmoslabs.com\/docs\/wordpress-creation-kit-documentation\/custom-fields-creator\/colorpicker-field\/\">Colorpicker<\/a><\/li>\n                            <li><a href=\"https:\/\/www.cozmoslabs.com\/docs\/wordpress-creation-kit-documentation\/custom-fields-creator\/currency-select-field\/\">Selectare valut\u0103<\/a><\/li>\n                            <li><a href=\"https:\/\/www.cozmoslabs.com\/docs\/wordpress-creation-kit-documentation\/custom-fields-creator\/phone-field\/\">Telefon<\/a><\/li>\n                            <li><a href=\"https:\/\/www.cozmoslabs.com\/docs\/wordpress-creation-kit-documentation\/custom-fields-creator\/timepicker-field\/\">Timepicker<\/a><\/li>\n                            <li><a href=\"https:\/\/www.cozmoslabs.com\/docs\/wordpress-creation-kit-documentation\/custom-fields-creator\/html-field\/\">HTML<\/a><\/li>\n                            <li><a href=\"https:\/\/www.cozmoslabs.com\/docs\/wordpress-creation-kit-documentation\/custom-fields-creator\/number-field\/\">Num\u0103r<\/a><\/li>\n                    <\/ol>\n                    <\/li>\n                    <li><a href=\"https:\/\/www.cozmoslabs.com\/docs\/wordpress-creation-kit-documentation\/custom-fields-creator\/#Extra_Fields_Types\">Tipuri de c\u00e2mpuri suplimentare<\/a>\n                        <ol>\n                            <li><a href=\"https:\/\/www.cozmoslabs.com\/docs\/wordpress-creation-kit-documentation\/custom-fields-creator\/datepicker-field\/\">Datepicker<\/a><\/li>\n                            <li><a href=\"https:\/\/www.cozmoslabs.com\/docs\/wordpress-creation-kit-documentation\/custom-fields-creator\/country-select-field\/\">Selectare \u021bar\u0103<\/a><\/li>\n                            <li><a href=\"https:\/\/www.cozmoslabs.com\/docs\/wordpress-creation-kit-documentation\/custom-fields-creator\/user-select-field\/\">Selectare utilizator<\/a><\/li>\n                            <li><a href=\"https:\/\/www.cozmoslabs.com\/docs\/wordpress-creation-kit-documentation\/custom-fields-creator\/custom-post-type-select-field\/\">Selectare tip post personalizat<\/a><\/li>\n                            <li><a href=\"https:\/\/www.cozmoslabs.com\/docs\/wordpress-creation-kit-documentation\/custom-fields-creator\/map-field\">Harta<\/a><\/li>\n                        <\/ol>\n                    <\/li>\n                    <li><a href=\"https:\/\/www.cozmoslabs.com\/docs\/wordpress-creation-kit-documentation\/custom-fields-creator\/#Manage_existing_Custom_Fields_with_WCK\">Gestionarea c\u00e2mpurilor personalizate existente cu WCK<\/a><\/li>\n                    <li><a href=\"https:\/\/www.cozmoslabs.com\/docs\/wordpress-creation-kit-documentation\/custom-fields-creator\/#Reorder_Fields\">Reordonarea c\u00e2mpurilor<\/a><\/li>\n                    <li><a href=\"https:\/\/www.cozmoslabs.com\/docs\/wordpress-creation-kit-documentation\/custom-fields-creator\/#Edit_or_Delete_a_Field\">Editarea sau \u0219tergerea unui c\u00e2mp<\/a><\/li>\n            <\/li>\n        <\/ol>\n\n            <li><a href=\"https:\/\/www.cozmoslabs.com\/docs\/wordpress-creation-kit-documentation\/custom-fields-creator\/wck-custom-fields-api\/\">API pentru c\u00e2mpuri personalizate WCK<\/a><\/li>\n            <li><a href=\"https:\/\/www.cozmoslabs.com\/docs\/wordpress-creation-kit-documentation\/custom-fields-creator\/how-to\/\">Cum s\u0103<\/a>\n                <ol>\n                    <li><a href=\"http:\/\/www.cozmoslabs.com\/docs\/wordpress-creation-kit-documentation\/custom-fields-creator\/how-to\/display-a-custom-field\/\">Afi\u0219area unui c\u00e2mp personalizat<\/a><\/li>\n                    <li><a href=\"http:\/\/www.cozmoslabs.com\/docs\/wordpress-creation-kit-documentation\/custom-fields-creator\/how-to\/retrieve-a-custom-field-as-a-variable\/\">Recuperarea unui c\u00e2mp personalizat ca variabil\u0103<\/a><\/li>\n                    <li><a href=\"https:\/\/www.cozmoslabs.com\/docs\/wordpress-creation-kit-documentation\/custom-fields-creator\/how-to\/using-conditional-statements\/\">Utiliza\u021bi declara\u021bii condi\u021bionale<\/a><\/li>\n                    <li><a href=\"https:\/\/www.cozmoslabs.com\/docs\/wordpress-creation-kit-documentation\/custom-fields-creator\/how-to\/working-with-images\/\">Lucrul cu imagini<\/a><\/li>\n                    <li><a href=\"https:\/\/www.cozmoslabs.com\/docs\/wordpress-creation-kit-documentation\/custom-fields-creator\/how-to\/get-raw-data-from-the-database-get_post_meta\/\">Ob\u021bine\u021bi date brute din baza de date ( get_post_meta() )<\/a><\/li>\n                    <li><a href=\"https:\/\/www.cozmoslabs.com\/docs\/wordpress-creation-kit-documentation\/custom-fields-creator\/how-to\/store-each-custom-field-in-its-own-meta-unserialized-fields\/\">Stoca\u021bi fiecare c\u00e2mp personalizat \u00een propria sa meta (c\u00e2mpuri neserializate)<\/a><\/li>\n                <\/ol>\n            <\/li>\n        <\/ol>\n    <\/li>\n\n    <li><a href=\" http:\/\/www.cozmoslabs.com\/docs\/wordpress-creation-kit-documentation\/frontend-posting\/\">Post\u0103ri Frontend<\/a>\n        <ol>\n            <li><a href=\"https:\/\/www.cozmoslabs.com\/docs\/wordpress-creation-kit-documentation\/frontend-posting\/#Overview_of_Frontend_Posting\">Prezentare general\u0103 a post\u0103rii Frontend<\/a><\/li>\n            <li><a href=\"https:\/\/www.cozmoslabs.com\/docs\/wordpress-creation-kit-documentation\/frontend-posting\/#Create_the_Frontend_Posting_Form\">Crearea formularului Frontend<\/a>\n                <ol>\n                    <li><a href=\"https:\/\/www.cozmoslabs.com\/docs\/wordpress-creation-kit-documentation\/frontend-posting\/#Form_Setup\">Configurarea formularului<\/a><\/li>\n                    <li><a href=\"https:\/\/www.cozmoslabs.com\/docs\/wordpress-creation-kit-documentation\/frontend-posting\/#Form_Fields\">C\u00e2mpuri de formular<\/a><\/li>\n                    <li><a href=\"https:\/\/www.cozmoslabs.com\/docs\/wordpress-creation-kit-documentation\/frontend-posting\/#Form_Shortcode\">Formular Shortcode<\/a><\/li>\n                    <li><a href=\"https:\/\/www.cozmoslabs.com\/docs\/wordpress-creation-kit-documentation\/frontend-posting\/#Form_Labels_and_Messages\">Etichete \u0219i mesaje pentru formulare<\/a><\/li>\n                <\/ol>\n            <\/li>\n            <li><a href=\"https:\/\/www.cozmoslabs.com\/docs\/wordpress-creation-kit-documentation\/frontend-posting\/anonymous-posting\/\">Postare anonim\u0103<\/a><\/li>\n            <li><a href=\"https:\/\/www.cozmoslabs.com\/docs\/wordpress-creation-kit-documentation\/frontend-posting\/admin-approval\/\">Aprobarea administra\u021biei<\/a><\/li>\n            <li><a href=\"https:\/\/www.cozmoslabs.com\/docs\/wordpress-creation-kit-documentation\/frontend-posting\/post-in-the-front-end\/\">Posta\u021bi \u00een Front End<\/a><\/li>\n            <li><a href=\"https:\/\/www.cozmoslabs.com\/docs\/wordpress-creation-kit-documentation\/frontend-posting\/edit-posts-pages-and-cpts-in-the-front-end\/\">Editarea posturilor, paginilor \u0219i CPT-urilor \u00een Front End<\/a><\/li>\n            <li><a href=\"https:\/\/www.cozmoslabs.com\/docs\/wordpress-creation-kit-documentation\/frontend-posting\/fep-dashboard-shortcode\/\">FEP Dashboard Shortcode<\/a><\/li>\n            <li><a href=\"https:\/\/www.cozmoslabs.com\/docs\/wordpress-creation-kit-documentation\/frontend-posting\/fep-login-logout-register-shortcode-and-widget\/\">FEP Login \/ Logout \/ \u00cenregistrare Shortcode \u0219i Widget<\/a><\/li>\n        <\/ol>\n    <\/li>\n    <li><a href=\"https:\/\/www.cozmoslabs.com\/docs\/wordpress-creation-kit-documentation\/option-pages-creator\/\">Option Pages Creator<\/a>\n        <ol>\n            <li><a href=\"https:\/\/www.cozmoslabs.com\/docs\/wordpress-creation-kit-documentation\/option-pages-creator\/#Overview_of_Option_Pages_Creator\">Prezentare general\u0103 a Creatorului de pagini op\u021bionale<\/a><\/li>\n            <li><a href=\"https:\/\/www.cozmoslabs.com\/docs\/wordpress-creation-kit-documentation\/option-pages-creator\/#Features_of_Option_Pages_Creator\">Caracteristici ale Option Pages Creator<\/a>\n                <ol>\n                    <li><a href=\"https:\/\/www.cozmoslabs.com\/docs\/wordpress-creation-kit-documentation\/option-pages-creator\/#Option_Page_Arguments\">Argumente pentru pagina de op\u021biuni<\/a><\/li>\n                <\/ol>\n            <\/li>\n        <\/ol>\n    <\/li>\n    <li><a href=\"https:\/\/www.cozmoslabs.com\/docs\/wordpress-creation-kit-documentation\/option-fields-creator\/\">Creator de c\u00e2mpuri de op\u021biuni<\/a>\n        <ol>\n            <li><a href=\"https:\/\/www.cozmoslabs.com\/docs\/wordpress-creation-kit-documentation\/option-fields-creator\/#Overview_of_Option_Fields_Creator\">Prezentare general\u0103 a creatorului de c\u00e2mpuri op\u021bionale<\/a><\/li>\n            <li><a href=\"https:\/\/www.cozmoslabs.com\/docs\/wordpress-creation-kit-documentation\/option-fields-creator\/#Features_of_Option_Fields_Creator\">Caracteristici ale Option Fields Creator<\/a>\n                <ol>\n                    <li><a href=\"https:\/\/www.cozmoslabs.com\/docs\/wordpress-creation-kit-documentation\/option-fields-creator\/#Select_on_which_Option_Page_this_Field_Group_will_appear\">Selecta\u021bi pe care pagin\u0103 de op\u021biuni va ap\u0103rea acest grup de c\u00e2mpuri<\/a><\/li>\n                    <li><a href=\"https:\/\/www.cozmoslabs.com\/docs\/wordpress-creation-kit-documentation\/option-fields-creator\/#Option_Page_Fields\">C\u00e2mpuri ale paginii de op\u021biuni<\/a><\/li>\n                <\/ol>\n            <\/li>\n            <li><a href=\"https:\/\/www.cozmoslabs.com\/docs\/wordpress-creation-kit-documentation\/option-fields-creator\/#Fields_Types\">Tipuri de c\u00e2mpuri<\/a>\n                <ol>\n                    <li><a href=\"https:\/\/www.cozmoslabs.com\/docs\/wordpress-creation-kit-documentation\/option-fields-creator\/#Default_Fields_Types\">Tipuri de c\u00e2mpuri implicite<\/a><\/li>\n                    <li><a href=\"https:\/\/www.cozmoslabs.com\/docs\/wordpress-creation-kit-documentation\/option-fields-creator\/#Extra_Fields_Types\">Tipuri de c\u00e2mpuri suplimentare<\/a><\/li>\n                <\/ol>\n            <\/li>\n            <li><a href=\"https:\/\/www.cozmoslabs.com\/docs\/wordpress-creation-kit-documentation\/option-fields-creator\/#Setup_Option_Field\">C\u00e2mp op\u021biune de configurare<\/a><\/li>\n            <li><a href=\"https:\/\/www.cozmoslabs.com\/docs\/wordpress-creation-kit-documentation\/option-fields-creator\/#Option_Fields_in_Option_Page\">C\u00e2mpuri de op\u021biuni \u00een pagina de op\u021biuni<\/a><\/li>\n        <\/ol>\n    <\/li>\n    <li><a href=\"https:\/\/www.cozmoslabs.com\/docs\/wordpress-creation-kit-documentation\/swift-templates\/\">\u0218abloane Swift<\/a>\n        <ol>\n            <li><a href=\"https:\/\/www.cozmoslabs.com\/docs\/wordpress-creation-kit-documentation\/swift-templates\/#Overview_of_Swift_Templates\">Prezentare general\u0103 a \u0219abloanelor Swift<\/a><\/li>\n            <li><a href=\"https:\/\/www.cozmoslabs.com\/docs\/wordpress-creation-kit-documentation\/swift-templates\/#Swift_Template_Arguments\">Template Swift Argumente<\/a><\/li>\n            <li><a href=\"https:\/\/www.cozmoslabs.com\/docs\/wordpress-creation-kit-documentation\/swift-templates\/#Query_Arguments\">Argumente de interogare<\/a><\/li>\n            <li><a href=\"https:\/\/www.cozmoslabs.com\/docs\/wordpress-creation-kit-documentation\/swift-templates\/#Swift_Templates\">\u0218abloane Swift<\/a>\n                <ol>\n                    <li><a href=\"https:\/\/www.cozmoslabs.com\/docs\/wordpress-creation-kit-documentation\/swift-templates\/#Archive_Template\">\u0218ablon de arhiv\u0103<\/a><\/li>\n                    <li><a href=\"https:\/\/www.cozmoslabs.com\/docs\/wordpress-creation-kit-documentation\/swift-templates\/#Single_Template\">\u0218ablon unic<\/a><\/li>\n                    <li><a href=\"https:\/\/www.cozmoslabs.com\/docs\/wordpress-creation-kit-documentation\/swift-templates\/#Swift_Template_Shortcode\">\u0218ablon Swift Shortcode<\/a><\/li>\n                <\/ol>\n            <\/li>\n            <li><a href=\"https:\/\/www.cozmoslabs.com\/docs\/wordpress-creation-kit-documentation\/swift-templates\/#Display_Custom_Post_Types_Custom_Fields_and_Custom_Taxonomies_with_Swift_Templates\">Afi\u0219a\u021bi tipuri de post personalizate, c\u00e2mpuri personalizate \u0219i taxonomii personalizate cu \u0219abloane Swift<\/a>\n\n                <ol>\n                    <li><a href=\"https:\/\/www.cozmoslabs.com\/docs\/wordpress-creation-kit-documentation\/swift-templates\/display-custom-fields-in-wordpress-pages-with-no-coding\/\">Afi\u0219area c\u00e2mpurilor personalizate \u00een paginile WordPress (post\u0103ri sau tipuri de post\u0103ri personalizate) f\u0103r\u0103 codare<\/a><\/li>\n                    <li><a href=\"https:\/\/www.cozmoslabs.com\/docs\/wordpress-creation-kit-documentation\/swift-templates\/create-archive-templates-for-your-custom-post-types-pages-or-posts\/\">Crea\u021bi \u0219abloane de arhiv\u0103 pentru tipurile de post personalizate (inclusiv posturi sau pagini)<\/a><\/li>\n                    <li><a href=\"https:\/\/www.cozmoslabs.com\/docs\/wordpress-creation-kit-documentation\/swift-templates\/create-single-templates-for-your-custom-post-type\/\">Crea\u021bi \u0219abloane unice pentru tipurile de posturi personalizate (inclusiv posturi sau pagini)<\/a><\/li>\n                    <li><a href=\"https:\/\/www.cozmoslabs.com\/docs\/wordpress-creation-kit-documentation\/swift-templates\/create-taxonomy-archive-templates-with-no-coding\/\">Crea\u021bi \u0219abloane de arhiv\u0103 taxonomic\u0103 f\u0103r\u0103 codare<\/a><\/li>\n                    <li><a href=\"https:\/\/www.cozmoslabs.com\/docs\/wordpress-creation-kit-documentation\/swift-templates\/create-taxonomy-single-templates-with-no-coding\/\">Crea\u021bi \u0219abloane unice de taxonomie f\u0103r\u0103 codare<\/a><\/li>\n                    <li><a href=\"http:\/\/www.cozmoslabs.com\/docs\/wordpress-creation-kit-documentation\/swift-templates\/custom-query-arguments\/\">Argumente de interogare personalizate<\/a><\/li>\n                <\/ol>\n            <\/li>\n        <\/ol>\n    <\/li>\n    <li><a href=\"https:\/\/www.cozmoslabs.com\/docs\/wordpress-creation-kit-documentation\/import-and-export-wck-settings\/\">Importul \u0219i exportul set\u0103rilor WCK<\/a><\/li>\n    <li><a href=\"https:\/\/www.cozmoslabs.com\/docs\/wordpress-creation-kit-documentation\/wordpress-creation-kit-changelogs\/\">Changelogurile kitului de creare WordPress<\/a><\/li>\n<\/ol>","protected":false},"excerpt":{"rendered":"<p>Welcome to the WordPress Creation Kit Documentation WordPress Creation Kit (WCK) documentation is constantly evolving as we continue to update the plugin. The latest version of the documentation is available via this Wiki. The current documentation is for our WordPress Creation Kit plugin. Getting started with WCK &#8211; What is this plugin and how can [&hellip;]<\/p>","protected":false},"author":1,"featured_media":0,"parent":0,"menu_order":0,"comment_status":"closed","ping_status":"closed","template":"","meta":{"footnotes":""},"class_list":["post-154","page","type-page","status-publish","hentry"],"_links":{"self":[{"href":"https:\/\/mada01.supserv.cozmoslabs.com\/ro\/wp-json\/wp\/v2\/pages\/154","targetHints":{"allow":["GET"]}}],"collection":[{"href":"https:\/\/mada01.supserv.cozmoslabs.com\/ro\/wp-json\/wp\/v2\/pages"}],"about":[{"href":"https:\/\/mada01.supserv.cozmoslabs.com\/ro\/wp-json\/wp\/v2\/types\/page"}],"author":[{"embeddable":true,"href":"https:\/\/mada01.supserv.cozmoslabs.com\/ro\/wp-json\/wp\/v2\/users\/1"}],"replies":[{"embeddable":true,"href":"https:\/\/mada01.supserv.cozmoslabs.com\/ro\/wp-json\/wp\/v2\/comments?post=154"}],"version-history":[{"count":1,"href":"https:\/\/mada01.supserv.cozmoslabs.com\/ro\/wp-json\/wp\/v2\/pages\/154\/revisions"}],"predecessor-version":[{"id":156,"href":"https:\/\/mada01.supserv.cozmoslabs.com\/ro\/wp-json\/wp\/v2\/pages\/154\/revisions\/156"}],"wp:attachment":[{"href":"https:\/\/mada01.supserv.cozmoslabs.com\/ro\/wp-json\/wp\/v2\/media?parent=154"}],"curies":[{"name":"wp","href":"https:\/\/api.w.org\/{rel}","templated":true}]}}