{"id":123,"date":"2020-04-15T12:04:54","date_gmt":"2020-04-15T12:04:54","guid":{"rendered":"https:\/\/mada01.supserv.cozmoslabs.com\/?page_id=123"},"modified":"2020-04-15T12:04:54","modified_gmt":"2020-04-15T12:04:54","slug":"pms","status":"publish","type":"page","link":"https:\/\/mada01.supserv.cozmoslabs.com\/ro\/pms\/","title":{"rendered":"PMS"},"content":{"rendered":"<h3>Bine a\u021bi venit la documenta\u021bia privind abonamentele pl\u0103tite ale membrilor<\/h3>\nDocumenta\u021bia privind abonamentele membrilor pl\u0103ti\u021bi (PMS) evolueaz\u0103 constant pe m\u0103sur\u0103 ce continu\u0103m s\u0103 actualiz\u0103m plugin-ul. Cea mai recent\u0103 versiune a documenta\u021biei este disponibil\u0103 prin intermediul acestui Wiki.\n\n<a href=\"https:\/\/www.cozmoslabs.com\/wp-content\/uploads\/2017\/07\/Paid-Member-Subscriptions-Docs-Logo-v2.png\"><img loading=\"lazy\" decoding=\"async\" class=\"aligncenter size-full wp-image-94641\" src=\"https:\/\/www.cozmoslabs.com\/wp-content\/uploads\/2017\/07\/Paid-Member-Subscriptions-Docs-Logo-v2.png\" alt=\"Abonamente pl\u0103tite pentru membri Logo Docs v2\" width=\"1625\" height=\"323\" \/><\/a>\n\nDocumenta\u021bia actual\u0103 este pentru <a href=\"https:\/\/www.cozmoslabs.com\/wordpress-paid-member-subscriptions\/\">Abonamente pl\u0103tite pentru membri<\/a> plugin.\n<ol>\n \t<li><a href=\"http:\/\/demo.cozmoslabs.com\/paidmembersubscriptions\/#docs\">\u00ceNCERCA\u021aI DEMO-UL<\/a><\/li>\n \t<li><a href=\"http:\/\/www.cozmoslabs.com\/docs\/paid-member-subscriptions\/basic-information-and-installation\/\">Instruc\u021biuni de instalare \u0219i configurare<\/a>\n<ol>\n\t<li><a href=\"https:\/\/www.cozmoslabs.com\/docs\/paid-member-subscriptions\/basic-information-and-installation\/#Initial_Setup\">Configurarea ini\u021bial\u0103<\/a><\/li>\n\t<li><a href=\"https:\/\/www.cozmoslabs.com\/docs\/paid-member-subscriptions\/basic-information-and-installation\/#Add_Serial_Number\">Ad\u0103uga\u021bi num\u0103rul de serie<\/a><\/li>\n<\/ol>\n<\/li>\n \t<li><a href=\"http:\/\/www.cozmoslabs.com\/docs\/paid-member-subscriptions\/shortcodes\/\">Shortcodes<\/a><\/li>\n \t<li><a href=\"http:\/\/www.cozmoslabs.com\/docs\/paid-member-subscriptions\/subscription-plans\/\">Planuri de abonament<\/a><\/li>\n \t<li><a href=\"http:\/\/www.cozmoslabs.com\/docs\/paid-member-subscriptions\/content-restriction\/\">Restric\u021bie de con\u021binut<\/a>\n<ol>\n \t<li><a href=\"https:\/\/www.cozmoslabs.com\/docs\/paid-member-subscriptions\/content-restriction\/#Restriction_Using_a_Message\">Restric\u021bie prin intermediul unui mesaj<\/a><\/li>\n \t<li><a href=\"https:\/\/www.cozmoslabs.com\/docs\/paid-member-subscriptions\/content-restriction\/#Restriction_Using_a_Redirect\">Restric\u021bie cu ajutorul unei redirec\u021bion\u0103ri<\/a><\/li>\n        <li><a href=\"https:\/\/www.cozmoslabs.com\/docs\/paid-member-subscriptions\/integration-with-other-plugins\/elementor\/#Elementor_Content_Restriction\">Restric\u021biona\u021bi sec\u021biunile \u0219i widgeturile Elementor<\/a><\/li> \t\n        <li><a href=\"https:\/\/www.cozmoslabs.com\/docs\/paid-member-subscriptions\/integration-with-other-plugins\/woocommerce\/#Restrict_Product_Viewing\">Restric\u021bionarea produselor WooCommerce<\/a><\/li>\n \t<li><a href=\"https:\/\/www.cozmoslabs.com\/docs\/paid-member-subscriptions\/add-ons\/bbpress\/\">Restric\u021bioneaz\u0103 forumurile bbPress<\/a><\/li>\n \t<li><a href=\"https:\/\/www.cozmoslabs.com\/docs\/paid-member-subscriptions\/shortcodes\/#Restrict_Content\">Restric\u021bie de con\u021binut Shortcode<\/a><\/li>\n<\/ol>\n<\/li>\n \t<li><a href=\"https:\/\/www.cozmoslabs.com\/docs\/paid-member-subscriptions\/member-management\/\">Managementul membrilor<\/a><\/li>\n \t<li><a href=\"https:\/\/www.cozmoslabs.com\/docs\/paid-member-subscriptions\/member-payments\/\">Pl\u0103\u021bi ale membrilor<\/a>\n<ol>\n \t<li><a href=\"https:\/\/www.cozmoslabs.com\/docs\/paid-member-subscriptions\/member-payments\/#Interface\">Interfa\u021b\u0103<\/a><\/li>\n \t<li><a href=\"https:\/\/www.cozmoslabs.com\/docs\/paid-member-subscriptions\/member-payments\/#Payment_Statuses\">Situa\u021bii de plat\u0103<\/a><\/li>\n \t<li><a href=\"https:\/\/www.cozmoslabs.com\/docs\/paid-member-subscriptions\/member-payments\/#Payment_Logs\">Jurnalele de plat\u0103<\/a><\/li>\n \t<li><a href=\"https:\/\/www.cozmoslabs.com\/docs\/paid-member-subscriptions\/member-payments\/#Payment_Requirements\">Cerin\u021be de plat\u0103<\/a>\n<ol>\n\t<li><a href=\"https:\/\/www.cozmoslabs.com\/docs\/paid-member-subscriptions\/member-payments\/#IPN_for_PayPal_gateways\">IPN pentru gateway-urile PayPal<\/a><\/li>\n        <li><a href=\"https:\/\/www.cozmoslabs.com\/docs\/paid-member-subscriptions\/member-payments\/#SSL_certificate\">Certificat SSL<\/a><\/li>\n<\/ol><\/li>\n<\/ol>\n<\/li>\n \t<li><a href=\"https:\/\/www.cozmoslabs.com\/docs\/paid-member-subscriptions\/payment-gateways\/\">Por\u021bi de plat\u0103<\/a><\/li>\n \t<li><a href=\"https:\/\/www.cozmoslabs.com\/docs\/paid-member-subscriptions\/reports\/\">Rapoarte \u0219i exporturi<\/a><\/li>\n \t<li><a href=\"https:\/\/www.cozmoslabs.com\/docs\/paid-member-subscriptions\/settings\/\">Set\u0103ri<\/a>\n<ol>\n \t<li><a href=\"https:\/\/www.cozmoslabs.com\/docs\/paid-member-subscriptions\/settings\/general\/\">General<\/a><\/li>\n \t<li><a href=\"https:\/\/www.cozmoslabs.com\/docs\/paid-member-subscriptions\/settings\/payments\/\">Pl\u0103\u021bi<\/a><\/li>\n \t<li><a href=\"https:\/\/www.cozmoslabs.com\/docs\/paid-member-subscriptions\/settings\/content-restriction\/\">Restric\u021bie de con\u021binut<\/a><\/li>\n \t<li>E-mailuri\n<ol>\n \t<li><a href=\"https:\/\/www.cozmoslabs.com\/docs\/paid-member-subscriptions\/settings\/member-emails\/\">E-mailuri ale membrilor<\/a><\/li>\n \t<li><a href=\"https:\/\/www.cozmoslabs.com\/docs\/paid-member-subscriptions\/settings\/administrator-emails\/\">Email-uri de administrator<\/a><\/li>\n<\/ol>\n         <li><a href=\"https:\/\/www.cozmoslabs.com\/docs\/paid-member-subscriptions\/settings\/misc\/\">Diverse<\/a>\n<ol>\n \t<li><a href=\"https:\/\/www.cozmoslabs.com\/docs\/paid-member-subscriptions\/settings\/misc\/recaptcha\/\">reCAPTCHA<\/a><\/li>\n<\/ol>\n<\/li>\n<\/ol>\n<\/li>\n \t<li><a href=\"https:\/\/www.cozmoslabs.com\/docs\/paid-member-subscriptions\/integration-with-other-plugins\/\">Integrarea cu alte plugin-uri<\/a>\n<ol>\n \t<li><a href=\"https:\/\/www.cozmoslabs.com\/docs\/paid-member-subscriptions\/integration-with-other-plugins\/elementor\/\">Elementor<\/a><\/li>\n \t<li><a href=\"https:\/\/www.cozmoslabs.com\/docs\/paid-member-subscriptions\/integration-with-other-plugins\/woocommerce\/\">WooCommerce<\/a><\/li>\n \t<li><a href=\"https:\/\/www.cozmoslabs.com\/docs\/paid-member-subscriptions\/integration-with-other-plugins\/profile-builder\/\">Constructor de profiluri<\/a><\/li>\n        <li><a href=\"https:\/\/www.cozmoslabs.com\/docs\/paid-member-subscriptions\/integration-with-other-plugins\/mailchimp-for-wordpress\/\">Mailchimp pentru WordPress<\/a><\/li>\n \t<li><a href=\"https:\/\/www.cozmoslabs.com\/docs\/paid-member-subscriptions\/integration-with-other-plugins\/wordpress-creation-kit\/\">Kit de creare WordPress<\/a><\/li>\n \t<li><a href=\"https:\/\/www.cozmoslabs.com\/docs\/paid-member-subscriptions\/integration-with-other-plugins\/affiliatewp-integration\/\">AffiliateWP<\/a><\/li>\n<\/ol>\n<\/li>\n \t<li><a href=\"https:\/\/www.cozmoslabs.com\/docs\/paid-member-subscriptions\/add-ons\/\">Suplimente<\/a>\n<ol>\n \t<li><a href=\"https:\/\/www.cozmoslabs.com\/docs\/paid-member-subscriptions\/add-ons\/#Paid_Member_Subscriptions_Basic_Add-ons\">Suplimente de baz\u0103<\/a>\n<ol>\n \t<li><a href=\"https:\/\/www.cozmoslabs.com\/docs\/paid-member-subscriptions\/add-ons\/global-content-restriction\/\">Restric\u021bie global\u0103 de con\u021binut<\/a><\/li>\n \t<li><a href=\"https:\/\/www.cozmoslabs.com\/docs\/paid-member-subscriptions\/add-ons\/discount-codes\/\">Coduri de reducere<\/a><\/li>\n \t<li><a href=\"https:\/\/www.cozmoslabs.com\/docs\/paid-member-subscriptions\/add-ons\/email-reminders\/\">Reamintiri prin e-mail<\/a><\/li>\n \t<li><a href=\"https:\/\/www.cozmoslabs.com\/docs\/paid-member-subscriptions\/add-ons\/bbpress\/\">bbPress<\/a><\/li>\n \t<li><a href=\"https:\/\/www.cozmoslabs.com\/docs\/paid-member-subscriptions\/add-ons\/navigation-menu-filtering\/\">Filtrarea meniului de navigare<\/a><\/li>\n \t<li><a href=\"https:\/\/www.cozmoslabs.com\/docs\/paid-member-subscriptions\/add-ons\/fixed-period-membership\/\">Apartenen\u021ba cu perioad\u0103 fix\u0103<\/a><\/li>\n \t<li><a href=\"https:\/\/www.cozmoslabs.com\/docs\/paid-member-subscriptions\/add-ons\/pay-what-you-want-variable-pricing\/\">Pl\u0103ti\u021bi ceea ce dori\u021bi (pre\u021buri variabile)<\/a><\/li>\n        <li><a href=\"https:\/\/www.cozmoslabs.com\/docs\/paid-member-subscriptions\/add-ons\/labels-edit\/\">Etichete Editare<\/a><\/li>\n<\/ol>\n<\/li>\n \t<li><a href=\"https:\/\/www.cozmoslabs.com\/docs\/paid-member-subscriptions\/add-ons\/#Paid_Member_Subscriptions_Pro_Add-ons\">Suplimente Pro<\/a>\n<ol>\n\t<li><a href=\"https:\/\/www.cozmoslabs.com\/docs\/paid-member-subscriptions\/add-ons\/group-memberships\/\">Afilieri de grup<\/a><\/li>\n        <li><a href=\"https:\/\/www.cozmoslabs.com\/docs\/paid-member-subscriptions\/add-ons\/tax-eu-vat\/\">Impozite \u0219i TVA UE<\/a><\/li>\n \t<li><a href=\"https:\/\/www.cozmoslabs.com\/docs\/paid-member-subscriptions\/add-ons\/recurring-payments-for-paypal-standard\/\">Pl\u0103\u021bi recurente pentru PayPal Standard<\/a><\/li>\n \t<li><a href=\"https:\/\/www.cozmoslabs.com\/docs\/paid-member-subscriptions\/add-ons\/paypal-pro-and-express-checkout\/\">PayPal Pro \u0219i Express Checkout<\/a><\/li>\n \t<li><a href=\"https:\/\/www.cozmoslabs.com\/docs\/paid-member-subscriptions\/add-ons\/stripe-payment-gateway\/\">Poarta de plat\u0103 Stripe<\/a><\/li>\n \t<li><a href=\"https:\/\/www.cozmoslabs.com\/docs\/paid-member-subscriptions\/add-ons\/invoices\/\">Facturi<\/a><\/li>\n \t<li><a href=\"https:\/\/www.cozmoslabs.com\/docs\/paid-member-subscriptions\/add-ons\/multiple-subscriptions-per-user\/\">Abonamente multiple pe utilizator<\/a><\/li>\n \t<li><a href=\"https:\/\/www.cozmoslabs.com\/docs\/paid-member-subscriptions\/add-ons\/content-dripping\/\">Scurgerea con\u021binutului<\/a><\/li>\n<\/ol>\n<\/li>\n<\/ol>\n<\/li>\n \t<li><a href=\"https:\/\/www.cozmoslabs.com\/docs\/paid-member-subscriptions\/frequently-asked-questions\/\">\u00centreb\u0103ri frecvente<\/a><\/li>\n \t<li>Actualiz\u0103ri majore\n<ol>\n \t<li><a href=\"\/ro\/www.cozmoslabs.com\/docs\/paid-member-subscriptions\/upgrading-paid-member-subscriptions-version-1-5-0\/\">Actualizarea la Abonamente pl\u0103tite pentru membri versiunea 1.5.0<\/a><\/li>\n<\/ol>\n<\/li>\n \t<li><a href=\"https:\/\/www.cozmoslabs.com\/docs\/paid-member-subscriptions\/paid-member-subscriptions-changelogs\/\">Abonamente pl\u0103tite pentru membri Changelogs<\/a><\/li>\n \t<li><a href=\"https:\/\/www.cozmoslabs.com\/docs\/paid-member-subscriptions\/developer-knowledge-base\/\">Baza de cuno\u0219tin\u021be pentru dezvoltatori<\/a><\/li>\n \t<li><a href=\"https:\/\/www.cozmoslabs.com\/docs\/paid-member-subscriptions\/how-to-translate-paid-member-subscriptions\/\">Cum se traduc abonamentele pl\u0103tite ale membrilor<\/a><\/li>\n \t<li><a href=\"https:\/\/www.cozmoslabs.com\/docs\/paid-member-subscriptions\/how-to-make-paid-member-subscriptions-forms-gdpr-compliant\/\">Cum s\u0103 face\u021bi ca formularele de abonare a membrilor pl\u0103ti\u021bi s\u0103 fie conforme cu GDPR<\/a><\/li>\n<\/ol>\n<!--\n<strong>Video Tutorials<\/strong>\n<ol>\n \t<li>Introduction and Installation<\/li>\n \t<li>Quick 3 Minutes Setup (settings)<\/li>\n \t<li>Setting up subscription plans<\/li>\n \t<li>Protecting your content<\/li>\n \t<li>Member Management<\/li>\n \t<li>Visualize Payments<\/li>\n \t<li>Extend Using Addons\n<ol>\n \t<li>PayPal Pro and PayPal Express<\/li>\n \t<li>Paypal Standard Recurring Payments<\/li>\n \t<li>Multiple Subscriptions per User<\/li>\n \t<li>Global Content Restrictions<\/li>\n \t<li>Discount Codes<\/li>\n \t<li>Navigation Menu Filtering<\/li>\n<\/ol>\n<\/li>\n \t<li>Integrating with other Plugins\n<ol>\n \t<li>Integration with Profile Builder\n<ol>\n \t<li>Create Custom Registration and Edit Profile pages for your users<\/li>\n \t<li>List your members in the front-end<\/li>\n \t<li>Setup Custom Redirects on successful registration, login, logout, etc.<\/li>\n<\/ol>\n<\/li>\n \t<li>Integration with WordPress Creation Kit<\/li>\n<\/ol>\n<\/li>\n<\/ol>\n-->","protected":false},"excerpt":{"rendered":"<p>Welcome to Paid Member Subscriptions documentation Paid Member Subscriptions (PMS) documentation is constantly evolving as we continue to update the plugin. The latest version of the documentation is available via this Wiki. The current documentation is for our Paid Member Subscriptions plugin. TRY THE DEMO Installation &#038; Setup Instructions Initial Setup Add Serial Number Shortcodes [&hellip;]<\/p>","protected":false},"author":1,"featured_media":0,"parent":0,"menu_order":0,"comment_status":"closed","ping_status":"closed","template":"","meta":{"footnotes":""},"class_list":["post-123","page","type-page","status-publish","hentry"],"_links":{"self":[{"href":"https:\/\/mada01.supserv.cozmoslabs.com\/ro\/wp-json\/wp\/v2\/pages\/123","targetHints":{"allow":["GET"]}}],"collection":[{"href":"https:\/\/mada01.supserv.cozmoslabs.com\/ro\/wp-json\/wp\/v2\/pages"}],"about":[{"href":"https:\/\/mada01.supserv.cozmoslabs.com\/ro\/wp-json\/wp\/v2\/types\/page"}],"author":[{"embeddable":true,"href":"https:\/\/mada01.supserv.cozmoslabs.com\/ro\/wp-json\/wp\/v2\/users\/1"}],"replies":[{"embeddable":true,"href":"https:\/\/mada01.supserv.cozmoslabs.com\/ro\/wp-json\/wp\/v2\/comments?post=123"}],"version-history":[{"count":1,"href":"https:\/\/mada01.supserv.cozmoslabs.com\/ro\/wp-json\/wp\/v2\/pages\/123\/revisions"}],"predecessor-version":[{"id":125,"href":"https:\/\/mada01.supserv.cozmoslabs.com\/ro\/wp-json\/wp\/v2\/pages\/123\/revisions\/125"}],"wp:attachment":[{"href":"https:\/\/mada01.supserv.cozmoslabs.com\/ro\/wp-json\/wp\/v2\/media?parent=123"}],"curies":[{"name":"wp","href":"https:\/\/api.w.org\/{rel}","templated":true}]}}